{"id":1744,"date":"2025-08-05T15:01:28","date_gmt":"2025-08-05T19:01:28","guid":{"rendered":"https:\/\/cmdai.org\/lancez-votre-campagne\/"},"modified":"2025-08-06T17:42:02","modified_gmt":"2025-08-06T21:42:02","slug":"lancez-votre-campagne","status":"publish","type":"page","link":"https:\/\/cmdai.org\/fr\/lancez-votre-campagne\/","title":{"rendered":"Lancez votre campagne"},"content":{"rendered":"\t\t<div data-elementor-type=\"wp-page\" data-elementor-id=\"1744\" class=\"elementor elementor-1744 elementor-1702\" data-elementor-post-type=\"page\">\n\t\t\t\t<div class=\"elementor-element elementor-element-819be20 e-con-full e-flex e-con e-parent\" data-id=\"819be20\" data-element_type=\"container\" data-e-type=\"container\" data-settings=\"{&quot;background_background&quot;:&quot;video&quot;,&quot;shape_divider_bottom&quot;:&quot;wave-brush&quot;,&quot;background_video_start&quot;:0,&quot;background_video_end&quot;:4}\">\n\t\t\t\t<div class=\"elementor-shape elementor-shape-bottom\" aria-hidden=\"true\" data-negative=\"false\">\n\t\t\t<svg xmlns=\"http:\/\/www.w3.org\/2000\/svg\" viewBox=\"0 0 283.5 27.8\" preserveAspectRatio=\"none\">\n\t<path class=\"elementor-shape-fill\" d=\"M283.5,9.7c0,0-7.3,4.3-14,4.6c-6.8,0.3-12.6,0-20.9-1.5c-11.3-2-33.1-10.1-44.7-5.7\ts-12.1,4.6-18,7.4c-6.6,3.2-20,9.6-36.6,9.3C131.6,23.5,99.5,7.2,86.3,8c-1.4,0.1-6.6,0.8-10.5,2c-3.8,1.2-9.4,3.8-17,4.7\tc-3.2,0.4-8.3,1.1-14.2,0.9c-1.5-0.1-6.3-0.4-12-1.6c-5.7-1.2-11-3.1-15.8-3.7C6.5,9.2,0,10.8,0,10.8V0h283.5V9.7z M260.8,11.3\tc-0.7-1-2-0.4-4.3-0.4c-2.3,0-6.1-1.2-5.8-1.1c0.3,0.1,3.1,1.5,6,1.9C259.7,12.2,261.4,12.3,260.8,11.3z M242.4,8.6\tc0,0-2.4-0.2-5.6-0.9c-3.2-0.8-10.3-2.8-15.1-3.5c-8.2-1.1-15.8,0-15.1,0.1c0.8,0.1,9.6-0.6,17.6,1.1c3.3,0.7,9.3,2.2,12.4,2.7\tC239.9,8.7,242.4,8.6,242.4,8.6z M185.2,8.5c1.7-0.7-13.3,4.7-18.5,6.1c-2.1,0.6-6.2,1.6-10,2c-3.9,0.4-8.9,0.4-8.8,0.5\tc0,0.2,5.8,0.8,11.2,0c5.4-0.8,5.2-1.1,7.6-1.6C170.5,14.7,183.5,9.2,185.2,8.5z M199.1,6.9c0.2,0-0.8-0.4-4.8,1.1\tc-4,1.5-6.7,3.5-6.9,3.7c-0.2,0.1,3.5-1.8,6.6-3C197,7.5,199,6.9,199.1,6.9z M283,6c-0.1,0.1-1.9,1.1-4.8,2.5s-6.9,2.8-6.7,2.7\tc0.2,0,3.5-0.6,7.4-2.5C282.8,6.8,283.1,5.9,283,6z M31.3,11.6c0.1-0.2-1.9-0.2-4.5-1.2s-5.4-1.6-7.8-2C15,7.6,7.3,8.5,7.7,8.6\tC8,8.7,15.9,8.3,20.2,9.3c2.2,0.5,2.4,0.5,5.7,1.6S31.2,11.9,31.3,11.6z M73,9.2c0.4-0.1,3.5-1.6,8.4-2.6c4.9-1.1,8.9-0.5,8.9-0.8\tc0-0.3-1-0.9-6.2-0.3S72.6,9.3,73,9.2z M71.6,6.7C71.8,6.8,75,5.4,77.3,5c2.3-0.3,1.9-0.5,1.9-0.6c0-0.1-1.1-0.2-2.7,0.2\tC74.8,5.1,71.4,6.6,71.6,6.7z M93.6,4.4c0.1,0.2,3.5,0.8,5.6,1.8c2.1,1,1.8,0.6,1.9,0.5c0.1-0.1-0.8-0.8-2.4-1.3\tC97.1,4.8,93.5,4.2,93.6,4.4z M65.4,11.1c-0.1,0.3,0.3,0.5,1.9-0.2s2.6-1.3,2.2-1.2s-0.9,0.4-2.5,0.8C65.3,10.9,65.5,10.8,65.4,11.1\tz M34.5,12.4c-0.2,0,2.1,0.8,3.3,0.9c1.2,0.1,2,0.1,2-0.2c0-0.3-0.1-0.5-1.6-0.4C36.6,12.8,34.7,12.4,34.5,12.4z M152.2,21.1\tc-0.1,0.1-2.4-0.3-7.5-0.3c-5,0-13.6-2.4-17.2-3.5c-3.6-1.1,10,3.9,16.5,4.1C150.5,21.6,152.3,21,152.2,21.1z\"\/>\n\t<path class=\"elementor-shape-fill\" d=\"M269.6,18c-0.1-0.1-4.6,0.3-7.2,0c-7.3-0.7-17-3.2-16.6-2.9c0.4,0.3,13.7,3.1,17,3.3\tC267.7,18.8,269.7,18,269.6,18z\"\/>\n\t<path class=\"elementor-shape-fill\" d=\"M227.4,9.8c-0.2-0.1-4.5-1-9.5-1.2c-5-0.2-12.7,0.6-12.3,0.5c0.3-0.1,5.9-1.8,13.3-1.2\tS227.6,9.9,227.4,9.8z\"\/>\n\t<path class=\"elementor-shape-fill\" d=\"M204.5,13.4c-0.1-0.1,2-1,3.2-1.1c1.2-0.1,2,0,2,0.3c0,0.3-0.1,0.5-1.6,0.4\tC206.4,12.9,204.6,13.5,204.5,13.4z\"\/>\n\t<path class=\"elementor-shape-fill\" d=\"M201,10.6c0-0.1-4.4,1.2-6.3,2.2c-1.9,0.9-6.2,3.1-6.1,3.1c0.1,0.1,4.2-1.6,6.3-2.6\tS201,10.7,201,10.6z\"\/>\n\t<path class=\"elementor-shape-fill\" d=\"M154.5,26.7c-0.1-0.1-4.6,0.3-7.2,0c-7.3-0.7-17-3.2-16.6-2.9c0.4,0.3,13.7,3.1,17,3.3\tC152.6,27.5,154.6,26.8,154.5,26.7z\"\/>\n\t<path class=\"elementor-shape-fill\" d=\"M41.9,19.3c0,0,1.2-0.3,2.9-0.1c1.7,0.2,5.8,0.9,8.2,0.7c4.2-0.4,7.4-2.7,7-2.6\tc-0.4,0-4.3,2.2-8.6,1.9c-1.8-0.1-5.1-0.5-6.7-0.4S41.9,19.3,41.9,19.3z\"\/>\n\t<path class=\"elementor-shape-fill\" d=\"M75.5,12.6c0.2,0.1,2-0.8,4.3-1.1c2.3-0.2,2.1-0.3,2.1-0.5c0-0.1-1.8-0.4-3.4,0\tC76.9,11.5,75.3,12.5,75.5,12.6z\"\/>\n\t<path class=\"elementor-shape-fill\" d=\"M15.6,13.2c0-0.1,4.3,0,6.7,0.5c2.4,0.5,5,1.9,5,2c0,0.1-2.7-0.8-5.1-1.4\tC19.9,13.7,15.7,13.3,15.6,13.2z\"\/>\n<\/svg>\t\t<\/div>\n\t\t\t\t<\/div>\n\t\t<div class=\"elementor-element elementor-element-7e9c943 e-flex e-con-boxed e-con e-parent\" data-id=\"7e9c943\" data-element_type=\"container\" data-e-type=\"container\">\n\t\t\t\t\t<div class=\"e-con-inner\">\n\t\t\t\t<div class=\"elementor-element elementor-element-de7be3c elementor-widget elementor-widget-heading\" data-id=\"de7be3c\" data-element_type=\"widget\" data-e-type=\"widget\" data-widget_type=\"heading.default\">\n\t\t\t\t<div class=\"elementor-widget-container\">\n\t\t\t\t\t<h1 class=\"elementor-heading-title elementor-size-default\"><a href=\"http:\/\/B\"><span data-elementor-setting-key=\"title\" data-pen-placeholder=\"Type Here...\"><div style=\"line-height: 1.4;direction: ltr;letter-spacing: 0em\"><p><span style=\"text-align: var(--text-align);font-size: 52.2663px\"><font color=\"#d1202e\"><b>COMMENCEZ VOTRE CAMPAGNE<\/b><\/font><\/span><span style=\"font-size: 0px;text-align: var(--text-align)\"><\/span><span style=\"font-size: 52.2663px\"><br><\/span><\/p><\/div><\/span><\/a><\/h1>\t\t\t\t<\/div>\n\t\t\t\t<\/div>\n\t\t\t\t<div class=\"elementor-element elementor-element-088bbb8 elementor-widget elementor-widget-text-editor\" data-id=\"088bbb8\" data-element_type=\"widget\" data-e-type=\"widget\" data-widget_type=\"text-editor.default\">\n\t\t\t\t<div class=\"elementor-widget-container\">\n\t\t\t\t\t\t\t\t\t<div style=\"color: #000000;\"><div style=\"font-size: 26.3021px; line-height: 1.4; direction: ltr; letter-spacing: 0em;\"><div><div> <span style=\"font-size: 26.3021px; letter-spacing: 0em; text-align: var(--text-align);\">Le CMDA a d\u00e9but\u00e9 comme une organisation enti\u00e8rement dirig\u00e9e par des b\u00e9n\u00e9voles. Au fil des ann\u00e9es, l\u2019organisation a embauch\u00e9 du personnel au Qu\u00e9bec, en Ontario et dans l\u2019Ouest canadien afin de faciliter les efforts de collecte de fonds de nos b\u00e9n\u00e9voles. Aujourd\u2019hui, le CMDA est fier de continuer \u00e0 \u00eatre port\u00e9 par des b\u00e9n\u00e9voles d\u00e9vou\u00e9s et passionn\u00e9s, anim\u00e9s par leur amour pour Isra\u00ebl et les soins d\u2019urgence.<\/span><\/div><\/div><div><div><p>Certains de nos b\u00e9n\u00e9voles les plus engag\u00e9s ont men\u00e9 des campagnes extr\u00eamement r\u00e9ussies gr\u00e2ce \u00e0 notre outil de collecte de fonds entre pairs (P2P). Cet outil vous permet de rejoindre vos amis, votre famille et vos contacts, peu importe o\u00f9 ils se trouvent dans le monde. Il vous suffit de nous envoyer une photo de vous ainsi que quelques lignes expliquant pour quoi vous collectez des fonds et ce qui vous a motiv\u00e9 \u00e0 le faire.<\/p><p>Tout ce qu\u2019il vous faut pour commencer\u202f:<\/p><ol><li>Envoyez-nous une photo de vous<\/li><li>Envoyez-nous quelques lignes expliquant pour quoi vous collectez des fonds et ce qui vous a motiv\u00e9 \u00e0 le faire.<\/li><\/ol><p>Nous cr\u00e9ons ensuite une page de campagne personnalis\u00e9e pour vous, et le tour est jou\u00e9\u202f!<\/p><p>Pour lancer votre propre campagne P2P, envoyez-nous un courriel \u00e0 info@cmdai.org ou appelez-nous au 1-800-731-2848.<\/p><\/div><\/div><\/div><\/div>\t\t\t\t\t\t\t\t<\/div>\n\t\t\t\t<\/div>\n\t\t\t\t\t<\/div>\n\t\t\t\t<\/div>\n\t\t\t\t<\/div>\n\t\t","protected":false},"excerpt":{"rendered":"<p>COMMENCEZ VOTRE CAMPAGNE Le CMDA a d\u00e9but\u00e9 comme une organisation enti\u00e8rement dirig\u00e9e par des b\u00e9n\u00e9voles. Au fil des ann\u00e9es, l\u2019organisation a embauch\u00e9 du personnel au Qu\u00e9bec, en Ontario et dans l\u2019Ouest canadien afin de faciliter les efforts de collecte de fonds de nos b\u00e9n\u00e9voles. Aujourd\u2019hui, le CMDA est fier de continuer \u00e0 \u00eatre port\u00e9 par [&hellip;]<\/p>\n","protected":false},"author":3,"featured_media":0,"parent":0,"menu_order":0,"comment_status":"closed","ping_status":"closed","template":"elementor_header_footer","meta":{"_acf_changed":false,"give_campaign_id":0,"footnotes":""},"class_list":["post-1744","page","type-page","status-publish","hentry"],"acf":[],"campaignId":"","_links":{"self":[{"href":"https:\/\/cmdai.org\/fr\/wp-json\/wp\/v2\/pages\/1744","targetHints":{"allow":["GET"]}}],"collection":[{"href":"https:\/\/cmdai.org\/fr\/wp-json\/wp\/v2\/pages"}],"about":[{"href":"https:\/\/cmdai.org\/fr\/wp-json\/wp\/v2\/types\/page"}],"author":[{"embeddable":true,"href":"https:\/\/cmdai.org\/fr\/wp-json\/wp\/v2\/users\/3"}],"replies":[{"embeddable":true,"href":"https:\/\/cmdai.org\/fr\/wp-json\/wp\/v2\/comments?post=1744"}],"version-history":[{"count":2,"href":"https:\/\/cmdai.org\/fr\/wp-json\/wp\/v2\/pages\/1744\/revisions"}],"predecessor-version":[{"id":1818,"href":"https:\/\/cmdai.org\/fr\/wp-json\/wp\/v2\/pages\/1744\/revisions\/1818"}],"wp:attachment":[{"href":"https:\/\/cmdai.org\/fr\/wp-json\/wp\/v2\/media?parent=1744"}],"curies":[{"name":"wp","href":"https:\/\/api.w.org\/{rel}","templated":true}]}}