{"id":1644,"date":"2025-07-24T09:59:45","date_gmt":"2025-07-24T13:59:45","guid":{"rendered":"https:\/\/cmdai.org\/qui-sommes-nous\/"},"modified":"2025-08-08T11:14:43","modified_gmt":"2025-08-08T15:14:43","slug":"qui-sommes-nous","status":"publish","type":"page","link":"https:\/\/cmdai.org\/fr\/qui-sommes-nous\/","title":{"rendered":"Qui sommes nous"},"content":{"rendered":"\t\t<div data-elementor-type=\"wp-page\" data-elementor-id=\"1644\" class=\"elementor elementor-1644 elementor-1194\" data-elementor-post-type=\"page\">\n\t\t\t\t<div class=\"elementor-element elementor-element-819be20 e-con-full e-flex e-con e-parent\" data-id=\"819be20\" data-element_type=\"container\" data-e-type=\"container\" data-settings=\"{&quot;background_background&quot;:&quot;video&quot;,&quot;shape_divider_bottom&quot;:&quot;wave-brush&quot;,&quot;background_video_start&quot;:0,&quot;background_video_end&quot;:4}\">\n\t\t\t\t<div class=\"elementor-shape elementor-shape-bottom\" aria-hidden=\"true\" data-negative=\"false\">\n\t\t\t<svg xmlns=\"http:\/\/www.w3.org\/2000\/svg\" viewBox=\"0 0 283.5 27.8\" preserveAspectRatio=\"none\">\n\t<path class=\"elementor-shape-fill\" d=\"M283.5,9.7c0,0-7.3,4.3-14,4.6c-6.8,0.3-12.6,0-20.9-1.5c-11.3-2-33.1-10.1-44.7-5.7\ts-12.1,4.6-18,7.4c-6.6,3.2-20,9.6-36.6,9.3C131.6,23.5,99.5,7.2,86.3,8c-1.4,0.1-6.6,0.8-10.5,2c-3.8,1.2-9.4,3.8-17,4.7\tc-3.2,0.4-8.3,1.1-14.2,0.9c-1.5-0.1-6.3-0.4-12-1.6c-5.7-1.2-11-3.1-15.8-3.7C6.5,9.2,0,10.8,0,10.8V0h283.5V9.7z M260.8,11.3\tc-0.7-1-2-0.4-4.3-0.4c-2.3,0-6.1-1.2-5.8-1.1c0.3,0.1,3.1,1.5,6,1.9C259.7,12.2,261.4,12.3,260.8,11.3z M242.4,8.6\tc0,0-2.4-0.2-5.6-0.9c-3.2-0.8-10.3-2.8-15.1-3.5c-8.2-1.1-15.8,0-15.1,0.1c0.8,0.1,9.6-0.6,17.6,1.1c3.3,0.7,9.3,2.2,12.4,2.7\tC239.9,8.7,242.4,8.6,242.4,8.6z M185.2,8.5c1.7-0.7-13.3,4.7-18.5,6.1c-2.1,0.6-6.2,1.6-10,2c-3.9,0.4-8.9,0.4-8.8,0.5\tc0,0.2,5.8,0.8,11.2,0c5.4-0.8,5.2-1.1,7.6-1.6C170.5,14.7,183.5,9.2,185.2,8.5z M199.1,6.9c0.2,0-0.8-0.4-4.8,1.1\tc-4,1.5-6.7,3.5-6.9,3.7c-0.2,0.1,3.5-1.8,6.6-3C197,7.5,199,6.9,199.1,6.9z M283,6c-0.1,0.1-1.9,1.1-4.8,2.5s-6.9,2.8-6.7,2.7\tc0.2,0,3.5-0.6,7.4-2.5C282.8,6.8,283.1,5.9,283,6z M31.3,11.6c0.1-0.2-1.9-0.2-4.5-1.2s-5.4-1.6-7.8-2C15,7.6,7.3,8.5,7.7,8.6\tC8,8.7,15.9,8.3,20.2,9.3c2.2,0.5,2.4,0.5,5.7,1.6S31.2,11.9,31.3,11.6z M73,9.2c0.4-0.1,3.5-1.6,8.4-2.6c4.9-1.1,8.9-0.5,8.9-0.8\tc0-0.3-1-0.9-6.2-0.3S72.6,9.3,73,9.2z M71.6,6.7C71.8,6.8,75,5.4,77.3,5c2.3-0.3,1.9-0.5,1.9-0.6c0-0.1-1.1-0.2-2.7,0.2\tC74.8,5.1,71.4,6.6,71.6,6.7z M93.6,4.4c0.1,0.2,3.5,0.8,5.6,1.8c2.1,1,1.8,0.6,1.9,0.5c0.1-0.1-0.8-0.8-2.4-1.3\tC97.1,4.8,93.5,4.2,93.6,4.4z M65.4,11.1c-0.1,0.3,0.3,0.5,1.9-0.2s2.6-1.3,2.2-1.2s-0.9,0.4-2.5,0.8C65.3,10.9,65.5,10.8,65.4,11.1\tz M34.5,12.4c-0.2,0,2.1,0.8,3.3,0.9c1.2,0.1,2,0.1,2-0.2c0-0.3-0.1-0.5-1.6-0.4C36.6,12.8,34.7,12.4,34.5,12.4z M152.2,21.1\tc-0.1,0.1-2.4-0.3-7.5-0.3c-5,0-13.6-2.4-17.2-3.5c-3.6-1.1,10,3.9,16.5,4.1C150.5,21.6,152.3,21,152.2,21.1z\"\/>\n\t<path class=\"elementor-shape-fill\" d=\"M269.6,18c-0.1-0.1-4.6,0.3-7.2,0c-7.3-0.7-17-3.2-16.6-2.9c0.4,0.3,13.7,3.1,17,3.3\tC267.7,18.8,269.7,18,269.6,18z\"\/>\n\t<path class=\"elementor-shape-fill\" d=\"M227.4,9.8c-0.2-0.1-4.5-1-9.5-1.2c-5-0.2-12.7,0.6-12.3,0.5c0.3-0.1,5.9-1.8,13.3-1.2\tS227.6,9.9,227.4,9.8z\"\/>\n\t<path class=\"elementor-shape-fill\" d=\"M204.5,13.4c-0.1-0.1,2-1,3.2-1.1c1.2-0.1,2,0,2,0.3c0,0.3-0.1,0.5-1.6,0.4\tC206.4,12.9,204.6,13.5,204.5,13.4z\"\/>\n\t<path class=\"elementor-shape-fill\" d=\"M201,10.6c0-0.1-4.4,1.2-6.3,2.2c-1.9,0.9-6.2,3.1-6.1,3.1c0.1,0.1,4.2-1.6,6.3-2.6\tS201,10.7,201,10.6z\"\/>\n\t<path class=\"elementor-shape-fill\" d=\"M154.5,26.7c-0.1-0.1-4.6,0.3-7.2,0c-7.3-0.7-17-3.2-16.6-2.9c0.4,0.3,13.7,3.1,17,3.3\tC152.6,27.5,154.6,26.8,154.5,26.7z\"\/>\n\t<path class=\"elementor-shape-fill\" d=\"M41.9,19.3c0,0,1.2-0.3,2.9-0.1c1.7,0.2,5.8,0.9,8.2,0.7c4.2-0.4,7.4-2.7,7-2.6\tc-0.4,0-4.3,2.2-8.6,1.9c-1.8-0.1-5.1-0.5-6.7-0.4S41.9,19.3,41.9,19.3z\"\/>\n\t<path class=\"elementor-shape-fill\" d=\"M75.5,12.6c0.2,0.1,2-0.8,4.3-1.1c2.3-0.2,2.1-0.3,2.1-0.5c0-0.1-1.8-0.4-3.4,0\tC76.9,11.5,75.3,12.5,75.5,12.6z\"\/>\n\t<path class=\"elementor-shape-fill\" d=\"M15.6,13.2c0-0.1,4.3,0,6.7,0.5c2.4,0.5,5,1.9,5,2c0,0.1-2.7-0.8-5.1-1.4\tC19.9,13.7,15.7,13.3,15.6,13.2z\"\/>\n<\/svg>\t\t<\/div>\n\t\t\t\t<\/div>\n\t\t<div class=\"elementor-element elementor-element-7e9c943 e-flex e-con-boxed e-con e-parent\" data-id=\"7e9c943\" data-element_type=\"container\" data-e-type=\"container\">\n\t\t\t\t\t<div class=\"e-con-inner\">\n\t\t\t\t<div class=\"elementor-element elementor-element-de7be3c elementor-widget elementor-widget-heading\" data-id=\"de7be3c\" data-element_type=\"widget\" data-e-type=\"widget\" data-widget_type=\"heading.default\">\n\t\t\t\t<div class=\"elementor-widget-container\">\n\t\t\t\t\t<h1 class=\"elementor-heading-title elementor-size-default\"><span data-elementor-setting-key=\"title\" data-pen-placeholder=\"Type Here...\"><div><div style=\"line-height: 1.4;direction: ltr;letter-spacing: 0em\"><p><span style=\"text-align: var(--text-align);font-size: 52.2663px\"><font color=\"#d1202e\"><b>QUI SOMMES NOUS<\/b><\/font><\/span><span style=\"font-size: 0px;text-align: var(--text-align)\"><\/span><font color=\"#000000\"><span style=\"font-size: 52.2663px\"><br><\/span><\/font><\/p><\/div><\/div><\/span><\/h1>\t\t\t\t<\/div>\n\t\t\t\t<\/div>\n\t\t\t\t<div class=\"elementor-element elementor-element-088bbb8 elementor-widget elementor-widget-text-editor\" data-id=\"088bbb8\" data-element_type=\"widget\" data-e-type=\"widget\" data-widget_type=\"text-editor.default\">\n\t\t\t\t<div class=\"elementor-widget-container\">\n\t\t\t\t\t\t\t\t\t<div style=\"color: #000000;\"><p><span style=\"font-size: 26.3021px; letter-spacing: 0em;\">Le Magen David Adom canadien aide \u00e0 financer le service m\u00e9dical d&rsquo;urgence national d&rsquo;Isra\u00ebl, depuis les ambulances et les services de transfusion sanguine jusqu&rsquo;aux interventions en cas de catastrophe et aux soins pr\u00e9hospitaliers quotidiens.<\/span><\/p><div style=\"font-size: 26.3021px; line-height: 1.4; direction: ltr; letter-spacing: 0em;\"><p>En tant que membre de la Croix-Rouge, les professionnels et les b\u00e9n\u00e9voles form\u00e9s par MDA sont en premi\u00e8re ligne et sauvent des vies chaque jour.<\/p><\/div><div style=\"font-size: 26.3021px; line-height: 1.4; direction: ltr; letter-spacing: 0em;\"><p><span style=\"font-weight: bold; color: #d1202e;\">Ce que nous soutenons<\/span><\/p><\/div><div style=\"font-size: 26.3021px; line-height: 1.4; direction: ltr; letter-spacing: 0em;\"><p>Gr\u00e2ce \u00e0 votre g\u00e9n\u00e9rosit\u00e9, MDA continue \u00e0 fournir :<\/p><\/div><ul style=\"font-size: 26.3021px; line-height: 1.4; direction: ltr; letter-spacing: 0em;\"><li style=\"list-style: outside;\">Couverture ambulanci\u00e8re \u00e0 l&rsquo;\u00e9chelle nationale<\/li><li style=\"list-style: outside;\">Unit\u00e9s mobiles de soins intensifs<\/li><li style=\"list-style: outside;\">Services sanguins d&rsquo;urgence<\/li><li style=\"list-style: outside;\">Secours et pr\u00e9paration aux catastrophes<\/li><\/ul><div><span style=\"font-size: 26.3021px;\"> <\/span><\/div><\/div><div style=\"color: #000000;\"><div style=\"font-size: 22.2668px; line-height: 1.4; direction: ltr; letter-spacing: 0em;\"><p>MDA est responsable de la fourniture de la gamme compl\u00e8te des services d&rsquo;urgence pr\u00e9-hospitaliers d&rsquo;Isra\u00ebl, y compris :<\/p><\/div><ul style=\"font-size: 22.2668px; line-height: 1.4; direction: ltr; letter-spacing: 0em;\"><li style=\"list-style: outside;\">Premiers soins d&rsquo;urgence et transport des patients<\/li><li style=\"list-style: outside;\">Services nationaux de sang et de plasma<\/li><li style=\"list-style: outside;\">Programmes de formation aux premiers secours, \u00e0 la r\u00e9animation et aux soins d&rsquo;urgence pour les professionnels et les b\u00e9n\u00e9voles<\/li><li style=\"list-style: outside;\">Unit\u00e9s mobiles de soins intensifs dot\u00e9es d&rsquo;un personnel m\u00e9dical avanc\u00e9<\/li><li style=\"list-style: outside;\">Soutien et \u00e9vacuation lors d&rsquo;accidents de la route, de conflits du travail et d&rsquo;autres situations d&rsquo;urgence<\/li><li style=\"list-style: outside;\">Transport du personnel m\u00e9dical dans les situations d&rsquo;urgence<\/li><\/ul><div style=\"font-size: 22.2668px; line-height: 1.4; direction: ltr; letter-spacing: 0em;\"><p>MDA travaille \u00e9galement en \u00e9troite collaboration avec la Croix-Rouge internationale pour faire respecter les normes humanitaires mondiales.<\/p><\/div><\/div><div><div style=\"color: #000000; font-size: 25.6003px; line-height: 1.4; direction: ltr; letter-spacing: 0em;\"><p><span style=\"font-weight: bold; color: #d1202e;\">1,850+<\/span><span style=\"font-weight: bold; color: #d1202e;\"> Ambula<\/span><span style=\"font-weight: bold; color: #d1202e;\">nces \u00e0 l&rsquo;\u00e9chelle<\/span><span style=\"font-weight: bold; color: #d1202e;\">national<\/span><\/p><\/div><div style=\"color: #000000; font-size: 25.6003px; line-height: 1.4; direction: ltr; letter-spacing: 0em;\"><p>MDA exploite une flotte moderne de plus de 1 850 v\u00e9hicules de sauvetage dans tout Isra\u00ebl. Pour rester \u00e0 la pointe de l&rsquo;intervention d&rsquo;urgence, 20 % de ces v\u00e9hicules sont remplac\u00e9s chaque ann\u00e9e. <\/p><\/div><div style=\"color: #000000; font-size: 25.6003px; line-height: 1.4; direction: ltr; letter-spacing: 0em;\"><p><span style=\"letter-spacing: 0em;\"><span style=\"color: #d1202e;\"><b> <\/b><\/span><\/span><\/p><p><span style=\"letter-spacing: 0em;\"><span style=\"color: #d1202e;\"><b>110 Unit\u00e9s mobiles de soins intensifs (UMSI)<\/b><\/span><\/span><\/p><\/div><div style=\"color: #000000; font-size: 25.6003px; line-height: 1.4; direction: ltr; letter-spacing: 0em;\"><p>Nos unit\u00e9s de soins intensifs sont \u00e9quip\u00e9es pour prodiguer des soins cardiaques et traumatologiques sur place. Dot\u00e9es de m\u00e9decins et de personnel param\u00e9dical d&rsquo;urgence, elles fournissent un traitement critique sur le chemin de l&rsquo;h\u00f4pital, am\u00e9liorant ainsi la survie et r\u00e9duisant les complications. <\/p><\/div><div style=\"font-size: 25.6003px; line-height: 1.4; direction: ltr; letter-spacing: 0em;\"><div style=\"letter-spacing: 0em; line-height: 1.4; direction: ltr;\"><p><span style=\"letter-spacing: 0em;\"><span style=\"color: #d1202e;\"><b>Scooters m\u00e9dians d&rsquo;urgence<\/b><\/span><\/span><\/p><p><span style=\"letter-spacing: 0em;\"><span style=\"color: #000000;\">Notre<\/span><\/span><span style=\"color: #000000; letter-spacing: 0em;\"> <\/span><span style=\"color: #000000; letter-spacing: 0em;\">flotte<\/span><span style=\"color: #000000; letter-spacing: 0em;\"> <\/span><span style=\"color: #000000; letter-spacing: 0em;\">comprend<\/span><span style=\"color: #000000; letter-spacing: 0em;\"> <\/span><span style=\"color: #000000; letter-spacing: 0em;\">85+<\/span><span style=\"color: #000000; letter-spacing: 0em;\"> <\/span><span style=\"color: #000000; letter-spacing: 0em;\">3 roues<\/span><span style=\"color: #000000; letter-spacing: 0em;\"> <\/span><span style=\"color: #000000; letter-spacing: 0em;\">scooters<\/span><span style=\"color: #000000; letter-spacing: 0em;\"> <\/span><span style=\"color: #000000; letter-spacing: 0em;\">con\u00e7u<\/span><span style=\"color: #000000; letter-spacing: 0em;\"> <\/span><span style=\"color: #000000; letter-spacing: 0em;\">pour atteindre<\/span><span style=\"color: #000000; letter-spacing: 0em;\"> <\/span><span style=\"color: #000000; letter-spacing: 0em;\">patients plus rapidement<\/span><span style=\"color: #000000; letter-spacing: 0em;\"> <\/span><span style=\"color: #000000; letter-spacing: 0em;\">circulation<\/span><span style=\"color: #000000; letter-spacing: 0em;\"> <\/span><span style=\"color: #000000; letter-spacing: 0em;\">ou<\/span><span style=\"color: #000000; letter-spacing: 0em;\"> <\/span><span style=\"color: #000000; letter-spacing: 0em;\">serr\u00e9<\/span><span style=\"color: #000000; letter-spacing: 0em;\"> <\/span><span style=\"color: #000000; letter-spacing: 0em;\">domaines.<\/span><span style=\"color: #000000; letter-spacing: 0em;\"> <\/span><span style=\"color: #000000; letter-spacing: 0em;\">La CMDAI s&rsquo;est engag\u00e9e \u00e0 ajouter au moins 12 autres de ces intervenants agiles et capables de sauver des vies.<\/span><\/p><p><span style=\"color: #000000; letter-spacing: 0em;\"> <\/span><\/p><\/div><\/div><div style=\"color: #000000; font-size: 25.6003px; line-height: 1.4; direction: ltr; letter-spacing: 0em;\"><p><span style=\"font-weight: bold; color: #d1202e;\">La prise en charge du ciel :<\/span><span style=\"font-weight: bold; color: #d1202e;\"> Eme<\/span><span style=\"font-weight: bold; color: #d1202e;\">rgenc<\/span><span style=\"font-weight: bold; color: #d1202e;\">y H<\/span><span style=\"font-weight: bold; color: #d1202e;\">el<\/span><span style=\"font-weight: bold; color: #d1202e;\">icopt\u00e8res<\/span><\/p><\/div><div style=\"color: #000000; font-size: 25.6003px; line-height: 1.4; direction: ltr; letter-spacing: 0em;\"><p>Pour la premi\u00e8re fois, MDA d\u00e9ploie des h\u00e9licopt\u00e8res d&rsquo;intervention d&rsquo;urgence en Isra\u00ebl. Dot\u00e9s d&rsquo;un personnel et d&rsquo;un \u00e9quipement complets, ces h\u00e9licopt\u00e8res nous permettent de sauver plus de vies, plus rapidement.<\/p><\/div><div style=\"color: #000000; font-size: 25.6003px; line-height: 1.4; direction: ltr; letter-spacing: 0em;\"><p><span style=\"font-weight: bold; color: #d1202e;\">Services du sang<\/span><\/p><\/div><div style=\"color: #000000; font-size: 25.6003px; line-height: 1.4; direction: ltr; letter-spacing: 0em;\"><p>Le Magen David Adom collecte et conserve chaque ann\u00e9e plus de 280 000 unit\u00e9s de sang, enti\u00e8rement donn\u00e9es par des b\u00e9n\u00e9voles. Le MDA r\u00e9pond \u00e0 97 % des besoins nationaux d&rsquo;Isra\u00ebl et \u00e0 100 % des besoins de l&rsquo;arm\u00e9e. Les visiteurs d&rsquo;Isra\u00ebl sont encourag\u00e9s \u00e0 faire un don, car un don de sang est un don de vie.<\/p><\/div><div style=\"color: #000000; font-size: 25.6003px; line-height: 1.4; direction: ltr; letter-spacing: 0em;\"><p><span style=\"font-weight: bold; color: #d1202e;\">Stations de premiers secours<\/span><\/p><\/div><div style=\"color: #000000; font-size: 25.6003px; line-height: 1.4; direction: ltr; letter-spacing: 0em;\"><p>MDA g\u00e8re plus de 127 postes de premiers secours en Isra\u00ebl, ouverts 24 heures sur 24 et 7 jours sur 7 gr\u00e2ce \u00e0 un soutien mondial. Ces stations sont essentielles au r\u00e9seau d&rsquo;intervention d&rsquo;urgence du pays.<\/p><\/div><div style=\"color: #000000; font-size: 25.6003px; line-height: 1.4; direction: ltr; letter-spacing: 0em;\"><p><span style=\"font-weight: bold; color: #d1202e;\">Formation aux premiers secours<\/span><\/p><\/div><div style=\"color: #000000; font-size: 25.6003px; line-height: 1.4; direction: ltr; letter-spacing: 0em;\"><p>Plus de 50 000 Isra\u00e9liens sont form\u00e9s chaque ann\u00e9e aux premiers secours par MDA. Les \u00e9tudiants, les professionnels et le personnel ambulancier de MDA re\u00e7oivent une formation compl\u00e8te, les ambulanciers param\u00e9dicaux suivant la formation la plus avanc\u00e9e pour faire fonctionner les unit\u00e9s mobiles de soins intensifs.<\/p><\/div><div style=\"color: #000000; font-size: 25.6003px; line-height: 1.4; direction: ltr; letter-spacing: 0em;\"><p><span style=\"font-weight: bold; color: #d1202e;\">Formation des volontaires<\/span><\/p><\/div><div style=\"color: #000000; font-size: 25.6003px; line-height: 1.4; direction: ltr; letter-spacing: 0em;\"><p>Les volontaires qui s&rsquo;engagent pour au moins deux ans re\u00e7oivent une formation approfondie en r\u00e9animation cardio-pulmonaire, en soins traumatologiques et en urgences p\u00e9diatriques, ce qui les pr\u00e9pare \u00e0 soutenir les \u00e9quipes ambulanci\u00e8res et les stations MDA dans tout le pays.<\/p><\/div><\/div>\t\t\t\t\t\t\t\t<\/div>\n\t\t\t\t<\/div>\n\t\t\t\t\t<\/div>\n\t\t\t\t<\/div>\n\t\t\t\t<\/div>\n\t\t","protected":false},"excerpt":{"rendered":"<p>QUI SOMMES NOUS Le Magen David Adom canadien aide \u00e0 financer le service m\u00e9dical d&rsquo;urgence national d&rsquo;Isra\u00ebl, depuis les ambulances et les services de transfusion sanguine jusqu&rsquo;aux interventions en cas de catastrophe et aux soins pr\u00e9hospitaliers quotidiens. En tant que membre de la Croix-Rouge, les professionnels et les b\u00e9n\u00e9voles form\u00e9s par MDA sont en premi\u00e8re [&hellip;]<\/p>\n","protected":false},"author":3,"featured_media":0,"parent":0,"menu_order":0,"comment_status":"closed","ping_status":"closed","template":"elementor_header_footer","meta":{"_acf_changed":false,"give_campaign_id":0,"footnotes":""},"class_list":["post-1644","page","type-page","status-publish","hentry"],"acf":[],"campaignId":"","_links":{"self":[{"href":"https:\/\/cmdai.org\/fr\/wp-json\/wp\/v2\/pages\/1644","targetHints":{"allow":["GET"]}}],"collection":[{"href":"https:\/\/cmdai.org\/fr\/wp-json\/wp\/v2\/pages"}],"about":[{"href":"https:\/\/cmdai.org\/fr\/wp-json\/wp\/v2\/types\/page"}],"author":[{"embeddable":true,"href":"https:\/\/cmdai.org\/fr\/wp-json\/wp\/v2\/users\/3"}],"replies":[{"embeddable":true,"href":"https:\/\/cmdai.org\/fr\/wp-json\/wp\/v2\/comments?post=1644"}],"version-history":[{"count":7,"href":"https:\/\/cmdai.org\/fr\/wp-json\/wp\/v2\/pages\/1644\/revisions"}],"predecessor-version":[{"id":1840,"href":"https:\/\/cmdai.org\/fr\/wp-json\/wp\/v2\/pages\/1644\/revisions\/1840"}],"wp:attachment":[{"href":"https:\/\/cmdai.org\/fr\/wp-json\/wp\/v2\/media?parent=1644"}],"curies":[{"name":"wp","href":"https:\/\/api.w.org\/{rel}","templated":true}]}}